{"id":3188,"date":"2026-02-26T13:11:07","date_gmt":"2026-02-26T10:11:07","guid":{"rendered":"https:\/\/mika.com.tr\/contact-2\/"},"modified":"2026-03-26T23:52:16","modified_gmt":"2026-03-26T20:52:16","slug":"contact","status":"publish","type":"page","link":"https:\/\/mika.com.tr\/en\/contact\/","title":{"rendered":"Contact"},"content":{"rendered":"\t\t<div data-elementor-type=\"wp-post\" data-elementor-id=\"3188\" class=\"elementor elementor-3188 elementor-2692\">\n\t\t\t\t<div class=\"elementor-element elementor-element-21ed579 e-con-full e-flex e-con e-parent\" data-id=\"21ed579\" data-element_type=\"container\">\n\t\t\t\t<div class=\"elementor-element elementor-element-ace9c1e elementor-widget elementor-widget-image-carousel\" data-id=\"ace9c1e\" data-element_type=\"widget\" data-settings=\"{&quot;slides_to_show&quot;:&quot;1&quot;,&quot;navigation&quot;:&quot;none&quot;,&quot;effect&quot;:&quot;fade&quot;,&quot;speed&quot;:500}\" data-widget_type=\"image-carousel.default\">\n\t\t\t\t\t\t\t<div class=\"elementor-image-carousel-wrapper swiper\" role=\"region\" aria-roledescription=\"carousel\" aria-label=\"Resim D\u00f6ng\u00fcs\u00fc\" dir=\"ltr\">\n\t\t\t<div class=\"elementor-image-carousel swiper-wrapper\" aria-live=\"polite\">\n\t\t\t\t\t\t\t\t<div class=\"swiper-slide\" role=\"group\" aria-roledescription=\"slide\" aria-label=\"1 of 1\"><figure class=\"swiper-slide-inner\"><img decoding=\"async\" class=\"swiper-slide-image lazyload\" data-src=\"https:\/\/mika.com.tr\/wp-content\/uploads\/2026\/01\/mika-iletisim-map.webp\" alt=\"mika-iletisim-map\" src=\"data:image\/svg+xml;base64,PHN2ZyB3aWR0aD0iMSIgaGVpZ2h0PSIxIiB4bWxucz0iaHR0cDovL3d3dy53My5vcmcvMjAwMC9zdmciPjwvc3ZnPg==\" style=\"--smush-placeholder-width: 1900px; --smush-placeholder-aspect-ratio: 1900\/988;\" \/><\/figure><\/div>\t\t\t<\/div>\n\t\t\t\t\t<\/div>\n\t\t\t\t\t\t<\/div>\n\t\t\t\t<\/div>\n\t\t<div class=\"elementor-element elementor-element-5b3ad4c e-flex e-con-boxed e-con e-parent\" data-id=\"5b3ad4c\" data-element_type=\"container\" data-settings=\"{&quot;background_background&quot;:&quot;classic&quot;}\">\n\t\t\t\t\t<div class=\"e-con-inner\">\n\t\t\t\t<div class=\"elementor-element elementor-element-6bced26 elementor-widget__width-initial elementor-widget elementor-widget-text-editor\" data-id=\"6bced26\" data-element_type=\"widget\" data-widget_type=\"text-editor.default\">\n\t\t\t\t\t\t\t\t\t<p><strong>Mika \u0130n\u015faat A.\u015e.<\/strong><\/p>\n<p>Nispetiye Cad. Belediye Sitesi Mine Blok No: 2 D: 5 34340 Etiler \/ \u0130stanbul<\/p>\n<p><a href=\"mailto:info@mika.com.tr\">info@mika.com.tr<\/a><br \/><a href=\"tel:+902123529087\">T: +90 212 352 90 87<\/a><\/p>\n\t\t\t\t\t\t\t\t<\/div>\n\t\t\t\t<div class=\"elementor-element elementor-element-b1d0aaa elementor-widget__width-initial elementor-widget elementor-widget-image\" data-id=\"b1d0aaa\" data-element_type=\"widget\" data-widget_type=\"image.default\">\n\t\t\t\t\t\t\t\t\t\t\t\t\t\t\t<img decoding=\"async\" width=\"58\" height=\"49\" data-src=\"https:\/\/mika.com.tr\/wp-content\/uploads\/2026\/01\/mika-home-projeler-icon.png\" class=\"attachment-full size-full wp-image-2524 lazyload\" alt=\"\" src=\"data:image\/svg+xml;base64,PHN2ZyB3aWR0aD0iMSIgaGVpZ2h0PSIxIiB4bWxucz0iaHR0cDovL3d3dy53My5vcmcvMjAwMC9zdmciPjwvc3ZnPg==\" style=\"--smush-placeholder-width: 58px; --smush-placeholder-aspect-ratio: 58\/49;\" \/>\t\t\t\t\t\t\t\t\t\t\t\t\t\t\t<\/div>\n\t\t\t\t\t<\/div>\n\t\t\t\t<\/div>\n\t\t\t\t<\/div>\n\t\t","protected":false},"excerpt":{"rendered":"<p>Mika \u0130n\u015faat A.\u015e. Nispetiye Cad. Belediye Sitesi Mine Blok No: 2 D: 5 34340 Etiler \/ \u0130stanbul info@mika.com.trT: +90 212 352 90 87<\/p>\n","protected":false},"author":4,"featured_media":2695,"parent":0,"menu_order":0,"comment_status":"closed","ping_status":"closed","template":"elementor_header_footer","meta":{"footnotes":""},"class_list":["post-3188","page","type-page","status-publish","has-post-thumbnail","hentry"],"yoast_head":"<!-- This site is optimized with the Yoast SEO plugin v26.7 - https:\/\/yoast.com\/wordpress\/plugins\/seo\/ -->\n<title>Contact - Mika \u0130n\u015faat<\/title>\n<meta name=\"robots\" content=\"index, follow, max-snippet:-1, max-image-preview:large, max-video-preview:-1\" \/>\n<link rel=\"canonical\" href=\"https:\/\/mika.com.tr\/iletisim\/\" \/>\n<meta property=\"og:locale\" content=\"en_US\" \/>\n<meta property=\"og:type\" content=\"article\" \/>\n<meta property=\"og:title\" content=\"Contact - Mika \u0130n\u015faat\" \/>\n<meta property=\"og:description\" content=\"Mika \u0130n\u015faat A.\u015e. Nispetiye Cad. Belediye Sitesi Mine Blok No: 2 D: 5 34340 Etiler \/ \u0130stanbul info@mika.com.trT: +90 212 352 90 87\" \/>\n<meta property=\"og:url\" content=\"https:\/\/mika.com.tr\/iletisim\/\" \/>\n<meta property=\"og:site_name\" content=\"Mika \u0130n\u015faat\" \/>\n<meta property=\"article:publisher\" content=\"https:\/\/www.facebook.com\/mikainsaat\/\" \/>\n<meta property=\"article:modified_time\" content=\"2026-03-26T20:52:16+00:00\" \/>\n<meta property=\"og:image\" content=\"https:\/\/mika.com.tr\/wp-content\/uploads\/2026\/01\/mika-iletisim-map.webp\" \/>\n\t<meta property=\"og:image:width\" content=\"1900\" \/>\n\t<meta property=\"og:image:height\" content=\"988\" \/>\n\t<meta property=\"og:image:type\" content=\"image\/webp\" \/>\n<meta name=\"twitter:card\" content=\"summary_large_image\" \/>\n<script type=\"application\/ld+json\" class=\"yoast-schema-graph\">{\"@context\":\"https:\/\/schema.org\",\"@graph\":[{\"@type\":\"WebPage\",\"@id\":\"https:\/\/mika.com.tr\/iletisim\/\",\"url\":\"https:\/\/mika.com.tr\/iletisim\/\",\"name\":\"Contact - Mika \u0130n\u015faat\",\"isPartOf\":{\"@id\":\"https:\/\/mika.com.tr\/#website\"},\"primaryImageOfPage\":{\"@id\":\"https:\/\/mika.com.tr\/iletisim\/#primaryimage\"},\"image\":{\"@id\":\"https:\/\/mika.com.tr\/iletisim\/#primaryimage\"},\"thumbnailUrl\":\"https:\/\/mika.com.tr\/wp-content\/uploads\/2026\/01\/mika-iletisim-map.webp\",\"datePublished\":\"2026-02-26T10:11:07+00:00\",\"dateModified\":\"2026-03-26T20:52:16+00:00\",\"breadcrumb\":{\"@id\":\"https:\/\/mika.com.tr\/iletisim\/#breadcrumb\"},\"inLanguage\":\"en-US\",\"potentialAction\":[{\"@type\":\"ReadAction\",\"target\":[\"https:\/\/mika.com.tr\/iletisim\/\"]}]},{\"@type\":\"ImageObject\",\"inLanguage\":\"en-US\",\"@id\":\"https:\/\/mika.com.tr\/iletisim\/#primaryimage\",\"url\":\"https:\/\/mika.com.tr\/wp-content\/uploads\/2026\/01\/mika-iletisim-map.webp\",\"contentUrl\":\"https:\/\/mika.com.tr\/wp-content\/uploads\/2026\/01\/mika-iletisim-map.webp\",\"width\":1900,\"height\":988},{\"@type\":\"BreadcrumbList\",\"@id\":\"https:\/\/mika.com.tr\/iletisim\/#breadcrumb\",\"itemListElement\":[{\"@type\":\"ListItem\",\"position\":1,\"name\":\"Ana sayfa\",\"item\":\"https:\/\/mika.com.tr\/en\/\"},{\"@type\":\"ListItem\",\"position\":2,\"name\":\"Contact\"}]},{\"@type\":\"WebSite\",\"@id\":\"https:\/\/mika.com.tr\/#website\",\"url\":\"https:\/\/mika.com.tr\/\",\"name\":\"Mika \u0130n\u015faat\",\"description\":\"\u00c7evreci, Butik, L\u00fcks Konut Projeleri\",\"publisher\":{\"@id\":\"https:\/\/mika.com.tr\/#organization\"},\"potentialAction\":[{\"@type\":\"SearchAction\",\"target\":{\"@type\":\"EntryPoint\",\"urlTemplate\":\"https:\/\/mika.com.tr\/?s={search_term_string}\"},\"query-input\":{\"@type\":\"PropertyValueSpecification\",\"valueRequired\":true,\"valueName\":\"search_term_string\"}}],\"inLanguage\":\"en-US\"},{\"@type\":\"Organization\",\"@id\":\"https:\/\/mika.com.tr\/#organization\",\"name\":\"Mika\",\"url\":\"https:\/\/mika.com.tr\/\",\"logo\":{\"@type\":\"ImageObject\",\"inLanguage\":\"en-US\",\"@id\":\"https:\/\/mika.com.tr\/#\/schema\/logo\/image\/\",\"url\":\"https:\/\/mika.com.tr\/wp-content\/uploads\/2026\/01\/NaturalistVerde-hero.webp\",\"contentUrl\":\"https:\/\/mika.com.tr\/wp-content\/uploads\/2026\/01\/NaturalistVerde-hero.webp\",\"width\":1900,\"height\":988,\"caption\":\"Mika\"},\"image\":{\"@id\":\"https:\/\/mika.com.tr\/#\/schema\/logo\/image\/\"},\"sameAs\":[\"https:\/\/www.facebook.com\/mikainsaat\/\",\"https:\/\/www.instagram.com\/mikainsaat\/\",\"https:\/\/www.youtube.com\/channel\/UCRmxnykLUKt5j-07l3zImqA\"]}]}<\/script>\n<!-- \/ Yoast SEO plugin. -->","yoast_head_json":{"title":"Contact - Mika \u0130n\u015faat","robots":{"index":"index","follow":"follow","max-snippet":"max-snippet:-1","max-image-preview":"max-image-preview:large","max-video-preview":"max-video-preview:-1"},"canonical":"https:\/\/mika.com.tr\/iletisim\/","og_locale":"en_US","og_type":"article","og_title":"Contact - Mika \u0130n\u015faat","og_description":"Mika \u0130n\u015faat A.\u015e. Nispetiye Cad. Belediye Sitesi Mine Blok No: 2 D: 5 34340 Etiler \/ \u0130stanbul info@mika.com.trT: +90 212 352 90 87","og_url":"https:\/\/mika.com.tr\/iletisim\/","og_site_name":"Mika \u0130n\u015faat","article_publisher":"https:\/\/www.facebook.com\/mikainsaat\/","article_modified_time":"2026-03-26T20:52:16+00:00","og_image":[{"width":1900,"height":988,"url":"https:\/\/mika.com.tr\/wp-content\/uploads\/2026\/01\/mika-iletisim-map.webp","type":"image\/webp"}],"twitter_card":"summary_large_image","schema":{"@context":"https:\/\/schema.org","@graph":[{"@type":"WebPage","@id":"https:\/\/mika.com.tr\/iletisim\/","url":"https:\/\/mika.com.tr\/iletisim\/","name":"Contact - Mika \u0130n\u015faat","isPartOf":{"@id":"https:\/\/mika.com.tr\/#website"},"primaryImageOfPage":{"@id":"https:\/\/mika.com.tr\/iletisim\/#primaryimage"},"image":{"@id":"https:\/\/mika.com.tr\/iletisim\/#primaryimage"},"thumbnailUrl":"https:\/\/mika.com.tr\/wp-content\/uploads\/2026\/01\/mika-iletisim-map.webp","datePublished":"2026-02-26T10:11:07+00:00","dateModified":"2026-03-26T20:52:16+00:00","breadcrumb":{"@id":"https:\/\/mika.com.tr\/iletisim\/#breadcrumb"},"inLanguage":"en-US","potentialAction":[{"@type":"ReadAction","target":["https:\/\/mika.com.tr\/iletisim\/"]}]},{"@type":"ImageObject","inLanguage":"en-US","@id":"https:\/\/mika.com.tr\/iletisim\/#primaryimage","url":"https:\/\/mika.com.tr\/wp-content\/uploads\/2026\/01\/mika-iletisim-map.webp","contentUrl":"https:\/\/mika.com.tr\/wp-content\/uploads\/2026\/01\/mika-iletisim-map.webp","width":1900,"height":988},{"@type":"BreadcrumbList","@id":"https:\/\/mika.com.tr\/iletisim\/#breadcrumb","itemListElement":[{"@type":"ListItem","position":1,"name":"Ana sayfa","item":"https:\/\/mika.com.tr\/en\/"},{"@type":"ListItem","position":2,"name":"Contact"}]},{"@type":"WebSite","@id":"https:\/\/mika.com.tr\/#website","url":"https:\/\/mika.com.tr\/","name":"Mika \u0130n\u015faat","description":"\u00c7evreci, Butik, L\u00fcks Konut Projeleri","publisher":{"@id":"https:\/\/mika.com.tr\/#organization"},"potentialAction":[{"@type":"SearchAction","target":{"@type":"EntryPoint","urlTemplate":"https:\/\/mika.com.tr\/?s={search_term_string}"},"query-input":{"@type":"PropertyValueSpecification","valueRequired":true,"valueName":"search_term_string"}}],"inLanguage":"en-US"},{"@type":"Organization","@id":"https:\/\/mika.com.tr\/#organization","name":"Mika","url":"https:\/\/mika.com.tr\/","logo":{"@type":"ImageObject","inLanguage":"en-US","@id":"https:\/\/mika.com.tr\/#\/schema\/logo\/image\/","url":"https:\/\/mika.com.tr\/wp-content\/uploads\/2026\/01\/NaturalistVerde-hero.webp","contentUrl":"https:\/\/mika.com.tr\/wp-content\/uploads\/2026\/01\/NaturalistVerde-hero.webp","width":1900,"height":988,"caption":"Mika"},"image":{"@id":"https:\/\/mika.com.tr\/#\/schema\/logo\/image\/"},"sameAs":["https:\/\/www.facebook.com\/mikainsaat\/","https:\/\/www.instagram.com\/mikainsaat\/","https:\/\/www.youtube.com\/channel\/UCRmxnykLUKt5j-07l3zImqA"]}]}},"amp_enabled":false,"_links":{"self":[{"href":"https:\/\/mika.com.tr\/en\/wp-json\/wp\/v2\/pages\/3188","targetHints":{"allow":["GET"]}}],"collection":[{"href":"https:\/\/mika.com.tr\/en\/wp-json\/wp\/v2\/pages"}],"about":[{"href":"https:\/\/mika.com.tr\/en\/wp-json\/wp\/v2\/types\/page"}],"author":[{"embeddable":true,"href":"https:\/\/mika.com.tr\/en\/wp-json\/wp\/v2\/users\/4"}],"replies":[{"embeddable":true,"href":"https:\/\/mika.com.tr\/en\/wp-json\/wp\/v2\/comments?post=3188"}],"version-history":[{"count":5,"href":"https:\/\/mika.com.tr\/en\/wp-json\/wp\/v2\/pages\/3188\/revisions"}],"predecessor-version":[{"id":3251,"href":"https:\/\/mika.com.tr\/en\/wp-json\/wp\/v2\/pages\/3188\/revisions\/3251"}],"wp:featuredmedia":[{"embeddable":true,"href":"https:\/\/mika.com.tr\/en\/wp-json\/wp\/v2\/media\/2695"}],"wp:attachment":[{"href":"https:\/\/mika.com.tr\/en\/wp-json\/wp\/v2\/media?parent=3188"}],"curies":[{"name":"wp","href":"https:\/\/api.w.org\/{rel}","templated":true}]}}