{"id":3161,"date":"2026-02-26T12:40:19","date_gmt":"2026-02-26T09:40:19","guid":{"rendered":"https:\/\/mika.com.tr\/mika\/"},"modified":"2026-03-05T13:42:33","modified_gmt":"2026-03-05T10:42:33","slug":"mika","status":"publish","type":"page","link":"https:\/\/mika.com.tr\/en\/mika\/","title":{"rendered":"Mika"},"content":{"rendered":"\t\t<div data-elementor-type=\"wp-post\" data-elementor-id=\"3161\" class=\"elementor elementor-3161 elementor-2661\">\n\t\t\t\t<div class=\"elementor-element elementor-element-21ed579 e-con-full e-flex e-con e-parent\" data-id=\"21ed579\" data-element_type=\"container\">\n\t\t\t\t<div class=\"elementor-element elementor-element-ace9c1e elementor-widget elementor-widget-image-carousel\" data-id=\"ace9c1e\" data-element_type=\"widget\" data-settings=\"{&quot;slides_to_show&quot;:&quot;1&quot;,&quot;navigation&quot;:&quot;none&quot;,&quot;effect&quot;:&quot;fade&quot;,&quot;speed&quot;:500}\" data-widget_type=\"image-carousel.default\">\n\t\t\t\t\t\t\t<div class=\"elementor-image-carousel-wrapper swiper\" role=\"region\" aria-roledescription=\"carousel\" aria-label=\"Resim D\u00f6ng\u00fcs\u00fc\" dir=\"ltr\">\n\t\t\t<div class=\"elementor-image-carousel swiper-wrapper swiper-image-stretch\" aria-live=\"polite\">\n\t\t\t\t\t\t\t\t<div class=\"swiper-slide\" role=\"group\" aria-roledescription=\"slide\" aria-label=\"1 of 1\"><figure class=\"swiper-slide-inner\"><img decoding=\"async\" class=\"swiper-slide-image lazyload\" data-src=\"https:\/\/mika.com.tr\/wp-content\/uploads\/2026\/01\/mika-hero.webp\" alt=\"mika-hero\" src=\"data:image\/svg+xml;base64,PHN2ZyB3aWR0aD0iMSIgaGVpZ2h0PSIxIiB4bWxucz0iaHR0cDovL3d3dy53My5vcmcvMjAwMC9zdmciPjwvc3ZnPg==\" style=\"--smush-placeholder-width: 1900px; --smush-placeholder-aspect-ratio: 1900\/988;\" \/><\/figure><\/div>\t\t\t<\/div>\n\t\t\t\t\t<\/div>\n\t\t\t\t\t\t<\/div>\n\t\t\t\t<\/div>\n\t\t<div class=\"elementor-element elementor-element-5b3ad4c e-flex e-con-boxed e-con e-parent\" data-id=\"5b3ad4c\" data-element_type=\"container\" data-settings=\"{&quot;background_background&quot;:&quot;classic&quot;}\">\n\t\t\t\t\t<div class=\"e-con-inner\">\n\t\t\t\t<div class=\"elementor-element elementor-element-6bced26 elementor-widget__width-initial elementor-widget elementor-widget-text-editor\" data-id=\"6bced26\" data-element_type=\"widget\" data-widget_type=\"text-editor.default\">\n\t\t\t\t\t\t\t\t\tFounded in <span style=\"display: inline-block; padding: 2px 10px; border: 1px solid #000; border-radius: 12px; line-height: 1;\">2005<\/span> to operate in the construction sector, Mika develops projects with high quality standards with its competent workforce, detailed technical approach and first-class material usage, and produces comfortable structures that give maximum importance to human safety.\t\t\t\t\t\t\t\t<\/div>\n\t\t\t\t<div class=\"elementor-element elementor-element-45d2beb elementor-widget__width-initial elementor-widget elementor-widget-image\" data-id=\"45d2beb\" data-element_type=\"widget\" data-widget_type=\"image.default\">\n\t\t\t\t\t\t\t\t\t\t\t\t\t\t\t<img decoding=\"async\" data-src=\"https:\/\/mika.com.tr\/wp-content\/uploads\/2026\/01\/mika-icon-dark.svg\" class=\"attachment-full size-full wp-image-2705 lazyload\" alt=\"\" src=\"data:image\/svg+xml;base64,PHN2ZyB3aWR0aD0iMSIgaGVpZ2h0PSIxIiB4bWxucz0iaHR0cDovL3d3dy53My5vcmcvMjAwMC9zdmciPjwvc3ZnPg==\" \/>\t\t\t\t\t\t\t\t\t\t\t\t\t\t\t<\/div>\n\t\t\t\t\t<\/div>\n\t\t\t\t<\/div>\n\t\t<div class=\"elementor-element elementor-element-6470c06 e-flex e-con-boxed e-con e-parent\" data-id=\"6470c06\" data-element_type=\"container\">\n\t\t\t\t\t<div class=\"e-con-inner\">\n\t\t\t\t<div class=\"elementor-element elementor-element-5faea7d elementor-widget__width-initial elementor-widget elementor-widget-image\" data-id=\"5faea7d\" data-element_type=\"widget\" data-widget_type=\"image.default\">\n\t\t\t\t\t\t\t\t\t\t\t\t\t\t\t<img fetchpriority=\"high\" decoding=\"async\" width=\"800\" height=\"800\" src=\"https:\/\/mika.com.tr\/wp-content\/uploads\/2026\/03\/mika-insaat-Kerem-Yildiz-800px.webp\" class=\"attachment-full size-full wp-image-3231\" alt=\"\" srcset=\"https:\/\/mika.com.tr\/wp-content\/uploads\/2026\/03\/mika-insaat-Kerem-Yildiz-800px.webp 800w, https:\/\/mika.com.tr\/wp-content\/uploads\/2026\/03\/mika-insaat-Kerem-Yildiz-800px-300x300.webp 300w, https:\/\/mika.com.tr\/wp-content\/uploads\/2026\/03\/mika-insaat-Kerem-Yildiz-800px-150x150.webp 150w, https:\/\/mika.com.tr\/wp-content\/uploads\/2026\/03\/mika-insaat-Kerem-Yildiz-800px-768x768.webp 768w, https:\/\/mika.com.tr\/wp-content\/uploads\/2026\/03\/mika-insaat-Kerem-Yildiz-800px-187x187.webp 187w\" sizes=\"(max-width: 800px) 100vw, 800px\" \/>\t\t\t\t\t\t\t\t\t\t\t\t\t\t\t<\/div>\n\t\t\t\t<div class=\"elementor-element elementor-element-7d19aef elementor-widget__width-initial elementor-widget elementor-widget-text-editor\" data-id=\"7d19aef\" data-element_type=\"widget\" data-widget_type=\"text-editor.default\">\n\t\t\t\t\t\t\t\t\t<p data-start=\"1432\" data-end=\"1514\">Kerem Y\u0131ld\u0131z \u2013 Founder &amp; Chairman of the Board<\/p>\n<p><\/p>\n<p data-start=\"1516\" data-end=\"1749\">Born in 1980, Kerem Y\u0131ld\u0131z graduated from Bo\u011fazi\u00e7i University, Department of Civil Engineering in 2004, and has since shaped his career entirely around building technologies, safe living spaces, and sustainable project development.<\/p>\n<p><\/p>\n<p data-start=\"1751\" data-end=\"1997\">Y\u0131ld\u0131z, the founder of Mika \u0130n\u015faat, which was established in 2005, and today the Chairman of the Board, has played a key role in forming the company\u2019s vision and in determining the high quality standards that respond to the needs of the sector.<\/p>\n<p><\/p>\n<p data-start=\"1999\" data-end=\"2403\">Since its foundation, Kerem Y\u0131ld\u0131z has placed detailed technical approach, competent engineering understanding, and first-class material usage at the center of the company culture, seeing human safety and user comfort as indispensable elements of every project. Under his leadership, Mika \u0130n\u015faat continues to deliver qualified projects that combine modern urban life with safe and aesthetic structures.<\/p>\n<p><\/p>\n<p data-start=\"2405\" data-end=\"2649\">Married and a father of two, Kerem Y\u0131ld\u0131z, besides his professional work, is interested in sustainable building technologies, engineering innovations, and next-generation construction solutions that will shape the living spaces of the future.<\/p>\n<p><\/p>\n<p data-start=\"2651\" data-end=\"2817\">Today, Mika \u0130n\u015faat, in line with Y\u0131ld\u0131z\u2019s vision, is among the trusted brands in the sector with projects that place durability, comfort, and quality at their core.<\/p>\n\t\t\t\t\t\t\t\t<\/div>\n\t\t\t\t\t<\/div>\n\t\t\t\t<\/div>\n\t\t\t\t<\/div>\n\t\t","protected":false},"excerpt":{"rendered":"<p>Founded in 2005 to operate in the construction sector, Mika develops projects with high quality standards with its competent workforce, detailed technical approach and first-class material usage, and produces comfortable structures that give maximum importance to human safety. Kerem Y\u0131ld\u0131z \u2013 Founder &amp; Chairman of the Board Born in 1980, Kerem Y\u0131ld\u0131z graduated from Bo\u011fazi\u00e7i<\/p>\n","protected":false},"author":1,"featured_media":3231,"parent":0,"menu_order":0,"comment_status":"closed","ping_status":"closed","template":"elementor_header_footer","meta":{"footnotes":""},"class_list":["post-3161","page","type-page","status-publish","has-post-thumbnail","hentry"],"yoast_head":"<!-- This site is optimized with the Yoast SEO plugin v26.7 - https:\/\/yoast.com\/wordpress\/plugins\/seo\/ -->\n<title>Mika - Mika \u0130n\u015faat<\/title>\n<meta name=\"robots\" content=\"index, follow, max-snippet:-1, max-image-preview:large, max-video-preview:-1\" \/>\n<link rel=\"canonical\" href=\"https:\/\/mika.com.tr\/mika\/\" \/>\n<meta property=\"og:locale\" content=\"en_US\" \/>\n<meta property=\"og:type\" content=\"article\" \/>\n<meta property=\"og:title\" content=\"Mika - Mika \u0130n\u015faat\" \/>\n<meta property=\"og:description\" content=\"Founded in 2005 to operate in the construction sector, Mika develops projects with high quality standards with its competent workforce, detailed technical approach and first-class material usage, and produces comfortable structures that give maximum importance to human safety. Kerem Y\u0131ld\u0131z \u2013 Founder &amp; Chairman of the Board Born in 1980, Kerem Y\u0131ld\u0131z graduated from Bo\u011fazi\u00e7i\" \/>\n<meta property=\"og:url\" content=\"https:\/\/mika.com.tr\/mika\/\" \/>\n<meta property=\"og:site_name\" content=\"Mika \u0130n\u015faat\" \/>\n<meta property=\"article:publisher\" content=\"https:\/\/www.facebook.com\/mikainsaat\/\" \/>\n<meta property=\"article:modified_time\" content=\"2026-03-05T10:42:33+00:00\" \/>\n<meta property=\"og:image\" content=\"https:\/\/mika.com.tr\/wp-content\/uploads\/2026\/01\/mika-hero.webp\" \/>\n<meta name=\"twitter:card\" content=\"summary_large_image\" \/>\n<meta name=\"twitter:label1\" content=\"Est. reading time\" \/>\n\t<meta name=\"twitter:data1\" content=\"1 minute\" \/>\n<script type=\"application\/ld+json\" class=\"yoast-schema-graph\">{\"@context\":\"https:\/\/schema.org\",\"@graph\":[{\"@type\":\"WebPage\",\"@id\":\"https:\/\/mika.com.tr\/mika\/\",\"url\":\"https:\/\/mika.com.tr\/mika\/\",\"name\":\"Mika - Mika \u0130n\u015faat\",\"isPartOf\":{\"@id\":\"https:\/\/mika.com.tr\/#website\"},\"primaryImageOfPage\":{\"@id\":\"https:\/\/mika.com.tr\/mika\/#primaryimage\"},\"image\":{\"@id\":\"https:\/\/mika.com.tr\/mika\/#primaryimage\"},\"thumbnailUrl\":\"https:\/\/mika.com.tr\/wp-content\/uploads\/2026\/03\/mika-insaat-Kerem-Yildiz-800px.webp\",\"datePublished\":\"2026-02-26T09:40:19+00:00\",\"dateModified\":\"2026-03-05T10:42:33+00:00\",\"breadcrumb\":{\"@id\":\"https:\/\/mika.com.tr\/mika\/#breadcrumb\"},\"inLanguage\":\"en-US\",\"potentialAction\":[{\"@type\":\"ReadAction\",\"target\":[\"https:\/\/mika.com.tr\/mika\/\"]}]},{\"@type\":\"ImageObject\",\"inLanguage\":\"en-US\",\"@id\":\"https:\/\/mika.com.tr\/mika\/#primaryimage\",\"url\":\"https:\/\/mika.com.tr\/wp-content\/uploads\/2026\/03\/mika-insaat-Kerem-Yildiz-800px.webp\",\"contentUrl\":\"https:\/\/mika.com.tr\/wp-content\/uploads\/2026\/03\/mika-insaat-Kerem-Yildiz-800px.webp\",\"width\":800,\"height\":800},{\"@type\":\"BreadcrumbList\",\"@id\":\"https:\/\/mika.com.tr\/mika\/#breadcrumb\",\"itemListElement\":[{\"@type\":\"ListItem\",\"position\":1,\"name\":\"Ana sayfa\",\"item\":\"https:\/\/mika.com.tr\/en\/\"},{\"@type\":\"ListItem\",\"position\":2,\"name\":\"Mika\"}]},{\"@type\":\"WebSite\",\"@id\":\"https:\/\/mika.com.tr\/#website\",\"url\":\"https:\/\/mika.com.tr\/\",\"name\":\"Mika \u0130n\u015faat\",\"description\":\"\u00c7evreci, Butik, L\u00fcks Konut Projeleri\",\"publisher\":{\"@id\":\"https:\/\/mika.com.tr\/#organization\"},\"potentialAction\":[{\"@type\":\"SearchAction\",\"target\":{\"@type\":\"EntryPoint\",\"urlTemplate\":\"https:\/\/mika.com.tr\/?s={search_term_string}\"},\"query-input\":{\"@type\":\"PropertyValueSpecification\",\"valueRequired\":true,\"valueName\":\"search_term_string\"}}],\"inLanguage\":\"en-US\"},{\"@type\":\"Organization\",\"@id\":\"https:\/\/mika.com.tr\/#organization\",\"name\":\"Mika\",\"url\":\"https:\/\/mika.com.tr\/\",\"logo\":{\"@type\":\"ImageObject\",\"inLanguage\":\"en-US\",\"@id\":\"https:\/\/mika.com.tr\/#\/schema\/logo\/image\/\",\"url\":\"https:\/\/mika.com.tr\/wp-content\/uploads\/2026\/01\/NaturalistVerde-hero.webp\",\"contentUrl\":\"https:\/\/mika.com.tr\/wp-content\/uploads\/2026\/01\/NaturalistVerde-hero.webp\",\"width\":1900,\"height\":988,\"caption\":\"Mika\"},\"image\":{\"@id\":\"https:\/\/mika.com.tr\/#\/schema\/logo\/image\/\"},\"sameAs\":[\"https:\/\/www.facebook.com\/mikainsaat\/\",\"https:\/\/www.instagram.com\/mikainsaat\/\",\"https:\/\/www.youtube.com\/channel\/UCRmxnykLUKt5j-07l3zImqA\"]}]}<\/script>\n<!-- \/ Yoast SEO plugin. -->","yoast_head_json":{"title":"Mika - Mika \u0130n\u015faat","robots":{"index":"index","follow":"follow","max-snippet":"max-snippet:-1","max-image-preview":"max-image-preview:large","max-video-preview":"max-video-preview:-1"},"canonical":"https:\/\/mika.com.tr\/mika\/","og_locale":"en_US","og_type":"article","og_title":"Mika - Mika \u0130n\u015faat","og_description":"Founded in 2005 to operate in the construction sector, Mika develops projects with high quality standards with its competent workforce, detailed technical approach and first-class material usage, and produces comfortable structures that give maximum importance to human safety. Kerem Y\u0131ld\u0131z \u2013 Founder &amp; Chairman of the Board Born in 1980, Kerem Y\u0131ld\u0131z graduated from Bo\u011fazi\u00e7i","og_url":"https:\/\/mika.com.tr\/mika\/","og_site_name":"Mika \u0130n\u015faat","article_publisher":"https:\/\/www.facebook.com\/mikainsaat\/","article_modified_time":"2026-03-05T10:42:33+00:00","og_image":[{"url":"https:\/\/mika.com.tr\/wp-content\/uploads\/2026\/01\/mika-hero.webp","type":"","width":"","height":""}],"twitter_card":"summary_large_image","twitter_misc":{"Est. reading time":"1 minute"},"schema":{"@context":"https:\/\/schema.org","@graph":[{"@type":"WebPage","@id":"https:\/\/mika.com.tr\/mika\/","url":"https:\/\/mika.com.tr\/mika\/","name":"Mika - Mika \u0130n\u015faat","isPartOf":{"@id":"https:\/\/mika.com.tr\/#website"},"primaryImageOfPage":{"@id":"https:\/\/mika.com.tr\/mika\/#primaryimage"},"image":{"@id":"https:\/\/mika.com.tr\/mika\/#primaryimage"},"thumbnailUrl":"https:\/\/mika.com.tr\/wp-content\/uploads\/2026\/03\/mika-insaat-Kerem-Yildiz-800px.webp","datePublished":"2026-02-26T09:40:19+00:00","dateModified":"2026-03-05T10:42:33+00:00","breadcrumb":{"@id":"https:\/\/mika.com.tr\/mika\/#breadcrumb"},"inLanguage":"en-US","potentialAction":[{"@type":"ReadAction","target":["https:\/\/mika.com.tr\/mika\/"]}]},{"@type":"ImageObject","inLanguage":"en-US","@id":"https:\/\/mika.com.tr\/mika\/#primaryimage","url":"https:\/\/mika.com.tr\/wp-content\/uploads\/2026\/03\/mika-insaat-Kerem-Yildiz-800px.webp","contentUrl":"https:\/\/mika.com.tr\/wp-content\/uploads\/2026\/03\/mika-insaat-Kerem-Yildiz-800px.webp","width":800,"height":800},{"@type":"BreadcrumbList","@id":"https:\/\/mika.com.tr\/mika\/#breadcrumb","itemListElement":[{"@type":"ListItem","position":1,"name":"Ana sayfa","item":"https:\/\/mika.com.tr\/en\/"},{"@type":"ListItem","position":2,"name":"Mika"}]},{"@type":"WebSite","@id":"https:\/\/mika.com.tr\/#website","url":"https:\/\/mika.com.tr\/","name":"Mika \u0130n\u015faat","description":"\u00c7evreci, Butik, L\u00fcks Konut Projeleri","publisher":{"@id":"https:\/\/mika.com.tr\/#organization"},"potentialAction":[{"@type":"SearchAction","target":{"@type":"EntryPoint","urlTemplate":"https:\/\/mika.com.tr\/?s={search_term_string}"},"query-input":{"@type":"PropertyValueSpecification","valueRequired":true,"valueName":"search_term_string"}}],"inLanguage":"en-US"},{"@type":"Organization","@id":"https:\/\/mika.com.tr\/#organization","name":"Mika","url":"https:\/\/mika.com.tr\/","logo":{"@type":"ImageObject","inLanguage":"en-US","@id":"https:\/\/mika.com.tr\/#\/schema\/logo\/image\/","url":"https:\/\/mika.com.tr\/wp-content\/uploads\/2026\/01\/NaturalistVerde-hero.webp","contentUrl":"https:\/\/mika.com.tr\/wp-content\/uploads\/2026\/01\/NaturalistVerde-hero.webp","width":1900,"height":988,"caption":"Mika"},"image":{"@id":"https:\/\/mika.com.tr\/#\/schema\/logo\/image\/"},"sameAs":["https:\/\/www.facebook.com\/mikainsaat\/","https:\/\/www.instagram.com\/mikainsaat\/","https:\/\/www.youtube.com\/channel\/UCRmxnykLUKt5j-07l3zImqA"]}]}},"amp_enabled":false,"_links":{"self":[{"href":"https:\/\/mika.com.tr\/en\/wp-json\/wp\/v2\/pages\/3161","targetHints":{"allow":["GET"]}}],"collection":[{"href":"https:\/\/mika.com.tr\/en\/wp-json\/wp\/v2\/pages"}],"about":[{"href":"https:\/\/mika.com.tr\/en\/wp-json\/wp\/v2\/types\/page"}],"author":[{"embeddable":true,"href":"https:\/\/mika.com.tr\/en\/wp-json\/wp\/v2\/users\/1"}],"replies":[{"embeddable":true,"href":"https:\/\/mika.com.tr\/en\/wp-json\/wp\/v2\/comments?post=3161"}],"version-history":[{"count":4,"href":"https:\/\/mika.com.tr\/en\/wp-json\/wp\/v2\/pages\/3161\/revisions"}],"predecessor-version":[{"id":3235,"href":"https:\/\/mika.com.tr\/en\/wp-json\/wp\/v2\/pages\/3161\/revisions\/3235"}],"wp:featuredmedia":[{"embeddable":true,"href":"https:\/\/mika.com.tr\/en\/wp-json\/wp\/v2\/media\/3231"}],"wp:attachment":[{"href":"https:\/\/mika.com.tr\/en\/wp-json\/wp\/v2\/media?parent=3161"}],"curies":[{"name":"wp","href":"https:\/\/api.w.org\/{rel}","templated":true}]}}