{"id":1453,"date":"2018-12-03T14:01:34","date_gmt":"2018-12-03T11:01:34","guid":{"rendered":"http:\/\/mika.com.tr\/citizenship-in-turkey\/"},"modified":"2019-01-16T13:27:30","modified_gmt":"2019-01-16T10:27:30","slug":"citizenship-in-turkey","status":"publish","type":"page","link":"https:\/\/mika.com.tr\/en\/citizenship-in-turkey\/","title":{"rendered":"Citizenship in Turkey"},"content":{"rendered":"","protected":false},"excerpt":{"rendered":"","protected":false},"author":1,"featured_media":0,"parent":0,"menu_order":0,"comment_status":"closed","ping_status":"closed","template":"","meta":{"footnotes":""},"class_list":["post-1453","page","type-page","status-publish","hentry"],"yoast_head":"<!-- This site is optimized with the Yoast SEO plugin v26.7 - https:\/\/yoast.com\/wordpress\/plugins\/seo\/ -->\n<title>Citizenship in Turkey<\/title>\n<meta name=\"description\" content=\"Buy Property for $250.000, Become a Turkish Citizen With Your Family\" \/>\n<meta name=\"robots\" content=\"index, follow, max-snippet:-1, max-image-preview:large, max-video-preview:-1\" \/>\n<link rel=\"canonical\" href=\"https:\/\/mika.com.tr\/en\/citizenship-in-turkey\/\" \/>\n<meta property=\"og:locale\" content=\"en_US\" \/>\n<meta property=\"og:type\" content=\"article\" \/>\n<meta property=\"og:title\" content=\"Citizenship in Turkey\" \/>\n<meta property=\"og:description\" content=\"Buy Property for $250.000, Become a Turkish Citizen With Your Family\" \/>\n<meta property=\"og:url\" content=\"https:\/\/mika.com.tr\/en\/citizenship-in-turkey\/\" \/>\n<meta property=\"og:site_name\" content=\"Mika \u0130n\u015faat\" \/>\n<meta property=\"article:publisher\" content=\"https:\/\/www.facebook.com\/mikainsaat\/\" \/>\n<meta property=\"article:modified_time\" content=\"2019-01-16T10:27:30+00:00\" \/>\n<meta name=\"twitter:card\" content=\"summary_large_image\" \/>\n<meta name=\"twitter:title\" content=\"Citizenship in Turkey\" \/>\n<meta name=\"twitter:description\" content=\"Buy Property for $250.000, Become a Turkish Citizen With Your Family\" \/>\n<meta name=\"twitter:image\" content=\"http:\/\/mika.com.tr\/wp-content\/uploads\/2018\/12\/250000-property-investment-01.jpg\" \/>\n<script type=\"application\/ld+json\" class=\"yoast-schema-graph\">{\"@context\":\"https:\/\/schema.org\",\"@graph\":[{\"@type\":\"WebPage\",\"@id\":\"https:\/\/mika.com.tr\/en\/citizenship-in-turkey\/\",\"url\":\"https:\/\/mika.com.tr\/en\/citizenship-in-turkey\/\",\"name\":\"Citizenship in Turkey\",\"isPartOf\":{\"@id\":\"https:\/\/mika.com.tr\/#website\"},\"datePublished\":\"2018-12-03T11:01:34+00:00\",\"dateModified\":\"2019-01-16T10:27:30+00:00\",\"description\":\"Buy Property for $250.000, Become a Turkish Citizen With Your Family\",\"breadcrumb\":{\"@id\":\"https:\/\/mika.com.tr\/en\/citizenship-in-turkey\/#breadcrumb\"},\"inLanguage\":\"en-US\",\"potentialAction\":[{\"@type\":\"ReadAction\",\"target\":[\"https:\/\/mika.com.tr\/en\/citizenship-in-turkey\/\"]}]},{\"@type\":\"BreadcrumbList\",\"@id\":\"https:\/\/mika.com.tr\/en\/citizenship-in-turkey\/#breadcrumb\",\"itemListElement\":[{\"@type\":\"ListItem\",\"position\":1,\"name\":\"Ana sayfa\",\"item\":\"https:\/\/mika.com.tr\/en\/\"},{\"@type\":\"ListItem\",\"position\":2,\"name\":\"Citizenship in Turkey\"}]},{\"@type\":\"WebSite\",\"@id\":\"https:\/\/mika.com.tr\/#website\",\"url\":\"https:\/\/mika.com.tr\/\",\"name\":\"Mika \u0130n\u015faat\",\"description\":\"\u00c7evreci, Butik, L\u00fcks Konut Projeleri\",\"publisher\":{\"@id\":\"https:\/\/mika.com.tr\/#organization\"},\"potentialAction\":[{\"@type\":\"SearchAction\",\"target\":{\"@type\":\"EntryPoint\",\"urlTemplate\":\"https:\/\/mika.com.tr\/?s={search_term_string}\"},\"query-input\":{\"@type\":\"PropertyValueSpecification\",\"valueRequired\":true,\"valueName\":\"search_term_string\"}}],\"inLanguage\":\"en-US\"},{\"@type\":\"Organization\",\"@id\":\"https:\/\/mika.com.tr\/#organization\",\"name\":\"Mika\",\"url\":\"https:\/\/mika.com.tr\/\",\"logo\":{\"@type\":\"ImageObject\",\"inLanguage\":\"en-US\",\"@id\":\"https:\/\/mika.com.tr\/#\/schema\/logo\/image\/\",\"url\":\"https:\/\/mika.com.tr\/wp-content\/uploads\/2026\/01\/NaturalistVerde-hero.webp\",\"contentUrl\":\"https:\/\/mika.com.tr\/wp-content\/uploads\/2026\/01\/NaturalistVerde-hero.webp\",\"width\":1900,\"height\":988,\"caption\":\"Mika\"},\"image\":{\"@id\":\"https:\/\/mika.com.tr\/#\/schema\/logo\/image\/\"},\"sameAs\":[\"https:\/\/www.facebook.com\/mikainsaat\/\",\"https:\/\/www.instagram.com\/mikainsaat\/\",\"https:\/\/www.youtube.com\/channel\/UCRmxnykLUKt5j-07l3zImqA\"]}]}<\/script>\n<!-- \/ Yoast SEO plugin. -->","yoast_head_json":{"title":"Citizenship in Turkey","description":"Buy Property for $250.000, Become a Turkish Citizen With Your Family","robots":{"index":"index","follow":"follow","max-snippet":"max-snippet:-1","max-image-preview":"max-image-preview:large","max-video-preview":"max-video-preview:-1"},"canonical":"https:\/\/mika.com.tr\/en\/citizenship-in-turkey\/","og_locale":"en_US","og_type":"article","og_title":"Citizenship in Turkey","og_description":"Buy Property for $250.000, Become a Turkish Citizen With Your Family","og_url":"https:\/\/mika.com.tr\/en\/citizenship-in-turkey\/","og_site_name":"Mika \u0130n\u015faat","article_publisher":"https:\/\/www.facebook.com\/mikainsaat\/","article_modified_time":"2019-01-16T10:27:30+00:00","twitter_card":"summary_large_image","twitter_title":"Citizenship in Turkey","twitter_description":"Buy Property for $250.000, Become a Turkish Citizen With Your Family","twitter_image":"http:\/\/mika.com.tr\/wp-content\/uploads\/2018\/12\/250000-property-investment-01.jpg","schema":{"@context":"https:\/\/schema.org","@graph":[{"@type":"WebPage","@id":"https:\/\/mika.com.tr\/en\/citizenship-in-turkey\/","url":"https:\/\/mika.com.tr\/en\/citizenship-in-turkey\/","name":"Citizenship in Turkey","isPartOf":{"@id":"https:\/\/mika.com.tr\/#website"},"datePublished":"2018-12-03T11:01:34+00:00","dateModified":"2019-01-16T10:27:30+00:00","description":"Buy Property for $250.000, Become a Turkish Citizen With Your Family","breadcrumb":{"@id":"https:\/\/mika.com.tr\/en\/citizenship-in-turkey\/#breadcrumb"},"inLanguage":"en-US","potentialAction":[{"@type":"ReadAction","target":["https:\/\/mika.com.tr\/en\/citizenship-in-turkey\/"]}]},{"@type":"BreadcrumbList","@id":"https:\/\/mika.com.tr\/en\/citizenship-in-turkey\/#breadcrumb","itemListElement":[{"@type":"ListItem","position":1,"name":"Ana sayfa","item":"https:\/\/mika.com.tr\/en\/"},{"@type":"ListItem","position":2,"name":"Citizenship in Turkey"}]},{"@type":"WebSite","@id":"https:\/\/mika.com.tr\/#website","url":"https:\/\/mika.com.tr\/","name":"Mika \u0130n\u015faat","description":"\u00c7evreci, Butik, L\u00fcks Konut Projeleri","publisher":{"@id":"https:\/\/mika.com.tr\/#organization"},"potentialAction":[{"@type":"SearchAction","target":{"@type":"EntryPoint","urlTemplate":"https:\/\/mika.com.tr\/?s={search_term_string}"},"query-input":{"@type":"PropertyValueSpecification","valueRequired":true,"valueName":"search_term_string"}}],"inLanguage":"en-US"},{"@type":"Organization","@id":"https:\/\/mika.com.tr\/#organization","name":"Mika","url":"https:\/\/mika.com.tr\/","logo":{"@type":"ImageObject","inLanguage":"en-US","@id":"https:\/\/mika.com.tr\/#\/schema\/logo\/image\/","url":"https:\/\/mika.com.tr\/wp-content\/uploads\/2026\/01\/NaturalistVerde-hero.webp","contentUrl":"https:\/\/mika.com.tr\/wp-content\/uploads\/2026\/01\/NaturalistVerde-hero.webp","width":1900,"height":988,"caption":"Mika"},"image":{"@id":"https:\/\/mika.com.tr\/#\/schema\/logo\/image\/"},"sameAs":["https:\/\/www.facebook.com\/mikainsaat\/","https:\/\/www.instagram.com\/mikainsaat\/","https:\/\/www.youtube.com\/channel\/UCRmxnykLUKt5j-07l3zImqA"]}]}},"amp_enabled":true,"_links":{"self":[{"href":"https:\/\/mika.com.tr\/en\/wp-json\/wp\/v2\/pages\/1453","targetHints":{"allow":["GET"]}}],"collection":[{"href":"https:\/\/mika.com.tr\/en\/wp-json\/wp\/v2\/pages"}],"about":[{"href":"https:\/\/mika.com.tr\/en\/wp-json\/wp\/v2\/types\/page"}],"author":[{"embeddable":true,"href":"https:\/\/mika.com.tr\/en\/wp-json\/wp\/v2\/users\/1"}],"replies":[{"embeddable":true,"href":"https:\/\/mika.com.tr\/en\/wp-json\/wp\/v2\/comments?post=1453"}],"version-history":[{"count":0,"href":"https:\/\/mika.com.tr\/en\/wp-json\/wp\/v2\/pages\/1453\/revisions"}],"wp:attachment":[{"href":"https:\/\/mika.com.tr\/en\/wp-json\/wp\/v2\/media?parent=1453"}],"curies":[{"name":"wp","href":"https:\/\/api.w.org\/{rel}","templated":true}]}}